{"id":47,"date":"2018-07-05T20:10:06","date_gmt":"2018-07-05T18:10:06","guid":{"rendered":"http:\/\/www.feuerwehr-spelle.de\/cms\/?page_id=47"},"modified":"2019-08-28T13:15:41","modified_gmt":"2019-08-28T11:15:41","slug":"hrb","status":"publish","type":"page","link":"https:\/\/www.feuerwehr-spelle.de\/cms\/technik\/fahrzeuge\/hrb\/","title":{"rendered":"HRB"},"content":{"rendered":"<h1><img loading=\"lazy\" decoding=\"async\" class=\"aligncenter size-full wp-image-531\" src=\"https:\/\/www.feuerwehr-spelle.de\/cms\/wp-content\/uploads\/2019\/08\/HRB_HP.png\" alt=\"\" width=\"1143\" height=\"698\" srcset=\"https:\/\/www.feuerwehr-spelle.de\/cms\/wp-content\/uploads\/2019\/08\/HRB_HP.png 1143w, https:\/\/www.feuerwehr-spelle.de\/cms\/wp-content\/uploads\/2019\/08\/HRB_HP-300x183.png 300w, https:\/\/www.feuerwehr-spelle.de\/cms\/wp-content\/uploads\/2019\/08\/HRB_HP-768x469.png 768w, https:\/\/www.feuerwehr-spelle.de\/cms\/wp-content\/uploads\/2019\/08\/HRB_HP-1024x625.png 1024w\" sizes=\"auto, (max-width: 1143px) 100vw, 1143px\" \/><\/h1>\n<h1>HubRettungsB\u00fchne 23\/12 (HRB 23\/12)<\/h1>\n<h4>Technische Details:<\/h4>\n<p><strong>Funkrufname: Spelle HRB<\/strong><br \/>\n<strong>Fahrgestell: MAN LE<\/strong><br \/>\n<strong>Leistung: 206 kW (280 PS)<br \/>\nNennrettungsh\u00f6he: 23 Meter bei 12 Meter Ausladung<\/strong><br \/>\n<strong>Baujahr: 2007<\/strong><br \/>\n<strong>Besatzung: 1\/2 (Truppbesatzung)<\/strong><br \/>\n<strong>1 Fahrzeugf\u00fchrer<\/strong><br \/>\n<strong>2 Besatzungsmitglieder<\/strong><\/p>\n<h4>Aufgaben:<\/h4>\n<p>Die Hauptaufgabe der Hubrettungsb\u00fchne (HRB) ist das Retten und L\u00f6schen aus gro\u00dfen H\u00f6hen und Tiefen. Die maximale Rettungsh\u00f6he betr\u00e4gt 32 Meter. Durch den zweiten beweglichen Ausleger kann das Retten aus verwinkelten Geb\u00e4uden oder aus Gruben erleichtert werden. Die HRB kann au\u00dferdem zum Ausleuchten von Einsatzstellen oder zum Heben von Lasten genutzt werden. Der am Korb verbaute Wasserwerfer (Monitor) mit einem Maximaldurchfluss von 3400 l\/min. ist vom Boden aus fernbedienbar.<\/p>\n","protected":false},"excerpt":{"rendered":"<p>HubRettungsB\u00fchne 23\/12 (HRB 23\/12) Technische Details: Funkrufname: Spelle HRB Fahrgestell: MAN LE Leistung: 206 kW (280 PS) Nennrettungsh\u00f6he: 23 Meter bei 12 Meter Ausladung<\/p>\n","protected":false},"author":87,"featured_media":118,"parent":34,"menu_order":0,"comment_status":"closed","ping_status":"closed","template":"","meta":{"footnotes":""},"class_list":["post-47","page","type-page","status-publish","has-post-thumbnail","hentry"],"_links":{"self":[{"href":"https:\/\/www.feuerwehr-spelle.de\/cms\/wp-json\/wp\/v2\/pages\/47","targetHints":{"allow":["GET"]}}],"collection":[{"href":"https:\/\/www.feuerwehr-spelle.de\/cms\/wp-json\/wp\/v2\/pages"}],"about":[{"href":"https:\/\/www.feuerwehr-spelle.de\/cms\/wp-json\/wp\/v2\/types\/page"}],"author":[{"embeddable":true,"href":"https:\/\/www.feuerwehr-spelle.de\/cms\/wp-json\/wp\/v2\/users\/87"}],"replies":[{"embeddable":true,"href":"https:\/\/www.feuerwehr-spelle.de\/cms\/wp-json\/wp\/v2\/comments?post=47"}],"version-history":[{"count":3,"href":"https:\/\/www.feuerwehr-spelle.de\/cms\/wp-json\/wp\/v2\/pages\/47\/revisions"}],"predecessor-version":[{"id":543,"href":"https:\/\/www.feuerwehr-spelle.de\/cms\/wp-json\/wp\/v2\/pages\/47\/revisions\/543"}],"up":[{"embeddable":true,"href":"https:\/\/www.feuerwehr-spelle.de\/cms\/wp-json\/wp\/v2\/pages\/34"}],"wp:featuredmedia":[{"embeddable":true,"href":"https:\/\/www.feuerwehr-spelle.de\/cms\/wp-json\/wp\/v2\/media\/118"}],"wp:attachment":[{"href":"https:\/\/www.feuerwehr-spelle.de\/cms\/wp-json\/wp\/v2\/media?parent=47"}],"curies":[{"name":"wp","href":"https:\/\/api.w.org\/{rel}","templated":true}]}}