{"id":45,"date":"2018-07-05T20:09:53","date_gmt":"2018-07-05T18:09:53","guid":{"rendered":"http:\/\/www.feuerwehr-spelle.de\/cms\/?page_id=45"},"modified":"2019-08-28T13:13:06","modified_gmt":"2019-08-28T11:13:06","slug":"tlf-16-25","status":"publish","type":"page","link":"https:\/\/www.feuerwehr-spelle.de\/cms\/technik\/fahrzeuge\/tlf-16-25\/","title":{"rendered":"TLF 16\/25"},"content":{"rendered":"<h1><img loading=\"lazy\" decoding=\"async\" class=\"aligncenter size-full wp-image-535\" src=\"https:\/\/www.feuerwehr-spelle.de\/cms\/wp-content\/uploads\/2019\/08\/TLF_HP.png\" alt=\"\" width=\"1144\" height=\"745\" srcset=\"https:\/\/www.feuerwehr-spelle.de\/cms\/wp-content\/uploads\/2019\/08\/TLF_HP.png 1144w, https:\/\/www.feuerwehr-spelle.de\/cms\/wp-content\/uploads\/2019\/08\/TLF_HP-300x195.png 300w, https:\/\/www.feuerwehr-spelle.de\/cms\/wp-content\/uploads\/2019\/08\/TLF_HP-768x500.png 768w, https:\/\/www.feuerwehr-spelle.de\/cms\/wp-content\/uploads\/2019\/08\/TLF_HP-1024x667.png 1024w\" sizes=\"auto, (max-width: 1144px) 100vw, 1144px\" \/><\/h1>\n<h1>TankL\u00f6schFahrzeug 16\/25 (TLF 16\/25)<\/h1>\n<h4>Technische Details:<\/h4>\n<p><strong>Funkrufname: Spelle TLF 16-25<\/strong><br \/>\n<strong>Fahrgestell: Mercedes Benz Atego<\/strong><br \/>\n<strong>Leistung: 177 kW (240 PS)<br \/>\nPumpeneistung: 1600 l\/min (8 bar)<br \/>\nWassertank: 2500 Liter<\/strong><br \/>\n<strong>Baujahr: 1998<\/strong><br \/>\n<strong>Besatzung: 1\/5 (Staffelbesatzung)<\/strong><br \/>\n<strong>1 Fahrzeugf\u00fchrer<\/strong><br \/>\n<strong>5 Besatzungsmitglieder<\/strong><\/p>\n<h4>Aufgaben:<\/h4>\n<p>Das Tankl\u00f6schfahrzeug (TLF) ist ein reines Brandbek\u00e4mpfungsfahrzeug. Es verf\u00fcgt \u00fcber Pumpen, ausreichend Schlauchmaterial, Schaummittel, Wasserwerfer (Monitor) und weiteres Material zur Brandbek\u00e4mpfung und Wasserf\u00fchrung. Des Weiteren werden vier Atemschutzger\u00e4te, zwei davon im Mannschaftsraum, mitgef\u00fchrt. Bei Gefahrguteins\u00e4tzen werden vier\u00a0 Chemikalienschutzanz\u00fcge (CSA) verlastet.<\/p>\n","protected":false},"excerpt":{"rendered":"<p>TankL\u00f6schFahrzeug 16\/25 (TLF 16\/25) Technische Details: Funkrufname: Spelle TLF 16-25 Fahrgestell: Mercedes Benz Atego Leistung: 177 kW (240 PS) Pumpeneistung: 1600 l\/min (8 bar)<\/p>\n","protected":false},"author":87,"featured_media":122,"parent":34,"menu_order":0,"comment_status":"closed","ping_status":"closed","template":"","meta":{"footnotes":""},"class_list":["post-45","page","type-page","status-publish","has-post-thumbnail","hentry"],"_links":{"self":[{"href":"https:\/\/www.feuerwehr-spelle.de\/cms\/wp-json\/wp\/v2\/pages\/45","targetHints":{"allow":["GET"]}}],"collection":[{"href":"https:\/\/www.feuerwehr-spelle.de\/cms\/wp-json\/wp\/v2\/pages"}],"about":[{"href":"https:\/\/www.feuerwehr-spelle.de\/cms\/wp-json\/wp\/v2\/types\/page"}],"author":[{"embeddable":true,"href":"https:\/\/www.feuerwehr-spelle.de\/cms\/wp-json\/wp\/v2\/users\/87"}],"replies":[{"embeddable":true,"href":"https:\/\/www.feuerwehr-spelle.de\/cms\/wp-json\/wp\/v2\/comments?post=45"}],"version-history":[{"count":3,"href":"https:\/\/www.feuerwehr-spelle.de\/cms\/wp-json\/wp\/v2\/pages\/45\/revisions"}],"predecessor-version":[{"id":541,"href":"https:\/\/www.feuerwehr-spelle.de\/cms\/wp-json\/wp\/v2\/pages\/45\/revisions\/541"}],"up":[{"embeddable":true,"href":"https:\/\/www.feuerwehr-spelle.de\/cms\/wp-json\/wp\/v2\/pages\/34"}],"wp:featuredmedia":[{"embeddable":true,"href":"https:\/\/www.feuerwehr-spelle.de\/cms\/wp-json\/wp\/v2\/media\/122"}],"wp:attachment":[{"href":"https:\/\/www.feuerwehr-spelle.de\/cms\/wp-json\/wp\/v2\/media?parent=45"}],"curies":[{"name":"wp","href":"https:\/\/api.w.org\/{rel}","templated":true}]}}