{"id":43,"date":"2018-07-05T20:09:40","date_gmt":"2018-07-05T18:09:40","guid":{"rendered":"http:\/\/www.feuerwehr-spelle.de\/cms\/?page_id=43"},"modified":"2019-08-28T13:04:58","modified_gmt":"2019-08-28T11:04:58","slug":"lf-20-16","status":"publish","type":"page","link":"https:\/\/www.feuerwehr-spelle.de\/cms\/technik\/fahrzeuge\/lf-20-16\/","title":{"rendered":"LF 20\/16"},"content":{"rendered":"<h1><img loading=\"lazy\" decoding=\"async\" class=\"aligncenter size-full wp-image-532\" src=\"https:\/\/www.feuerwehr-spelle.de\/cms\/wp-content\/uploads\/2019\/08\/LF_HP.png\" alt=\"\" width=\"1145\" height=\"748\" srcset=\"https:\/\/www.feuerwehr-spelle.de\/cms\/wp-content\/uploads\/2019\/08\/LF_HP.png 1145w, https:\/\/www.feuerwehr-spelle.de\/cms\/wp-content\/uploads\/2019\/08\/LF_HP-300x196.png 300w, https:\/\/www.feuerwehr-spelle.de\/cms\/wp-content\/uploads\/2019\/08\/LF_HP-768x502.png 768w, https:\/\/www.feuerwehr-spelle.de\/cms\/wp-content\/uploads\/2019\/08\/LF_HP-1024x669.png 1024w\" sizes=\"auto, (max-width: 1145px) 100vw, 1145px\" \/><\/h1>\n<h1>L\u00f6schgruppenFahrzeug 20\/16 (LF 20\/16)<\/h1>\n<h4>Technische Details:<\/h4>\n<p><strong>Funkrufname: Spelle LF 20-16<\/strong><br \/>\n<strong>Fahrgestell: Mercedes Benz Atego<\/strong><br \/>\n<strong>Leistung: 210 kW (286 PS)<br \/>\nPumpeneistung: 2000 l\/min (10 bar)<br \/>\nWassertank: 1600 Liter<\/strong><br \/>\n<strong>Baujahr: 2010<\/strong><br \/>\n<strong>Besatzung: 1\/8 (Gruppenbesatzung)<\/strong><br \/>\n<strong>1 Fahrzeugf\u00fchrer<\/strong><br \/>\n<strong>8 Besatzungsmitglieder<\/strong><\/p>\n<h4>Aufgaben:<\/h4>\n<p>Das L\u00f6schgruppenfahrzeug (LF) ist in der Feuerwehr Spelle das erstausr\u00fcckende Fahrzeug bei Eins\u00e4tzen. Die Hauptaufgaben sind die Brandbek\u00e4mpfung und die Wasserversorgung an der Einsatzstelle. Teil der Beladung sind 6 Atemschutzger\u00e4te, zwei davon im Mannschaftsraum. Durch Hilfeleistungsger\u00e4te, wie beispielsweise Schere und Spreizer, wird das LF auch zur technischer Hilfeleistung eingesetzt.<\/p>\n","protected":false},"excerpt":{"rendered":"<p>L\u00f6schgruppenFahrzeug 20\/16 (LF 20\/16) Technische Details: Funkrufname: Spelle LF 20-16 Fahrgestell: Mercedes Benz Atego Leistung: 210 kW (286 PS) Pumpeneistung: 2000 l\/min (10 bar)<\/p>\n","protected":false},"author":87,"featured_media":119,"parent":34,"menu_order":0,"comment_status":"closed","ping_status":"closed","template":"","meta":{"footnotes":""},"class_list":["post-43","page","type-page","status-publish","has-post-thumbnail","hentry"],"_links":{"self":[{"href":"https:\/\/www.feuerwehr-spelle.de\/cms\/wp-json\/wp\/v2\/pages\/43","targetHints":{"allow":["GET"]}}],"collection":[{"href":"https:\/\/www.feuerwehr-spelle.de\/cms\/wp-json\/wp\/v2\/pages"}],"about":[{"href":"https:\/\/www.feuerwehr-spelle.de\/cms\/wp-json\/wp\/v2\/types\/page"}],"author":[{"embeddable":true,"href":"https:\/\/www.feuerwehr-spelle.de\/cms\/wp-json\/wp\/v2\/users\/87"}],"replies":[{"embeddable":true,"href":"https:\/\/www.feuerwehr-spelle.de\/cms\/wp-json\/wp\/v2\/comments?post=43"}],"version-history":[{"count":4,"href":"https:\/\/www.feuerwehr-spelle.de\/cms\/wp-json\/wp\/v2\/pages\/43\/revisions"}],"predecessor-version":[{"id":536,"href":"https:\/\/www.feuerwehr-spelle.de\/cms\/wp-json\/wp\/v2\/pages\/43\/revisions\/536"}],"up":[{"embeddable":true,"href":"https:\/\/www.feuerwehr-spelle.de\/cms\/wp-json\/wp\/v2\/pages\/34"}],"wp:featuredmedia":[{"embeddable":true,"href":"https:\/\/www.feuerwehr-spelle.de\/cms\/wp-json\/wp\/v2\/media\/119"}],"wp:attachment":[{"href":"https:\/\/www.feuerwehr-spelle.de\/cms\/wp-json\/wp\/v2\/media?parent=43"}],"curies":[{"name":"wp","href":"https:\/\/api.w.org\/{rel}","templated":true}]}}