{"id":41,"date":"2018-07-05T20:09:22","date_gmt":"2018-07-05T18:09:22","guid":{"rendered":"http:\/\/www.feuerwehr-spelle.de\/cms\/?page_id=41"},"modified":"2019-08-28T13:11:02","modified_gmt":"2019-08-28T11:11:02","slug":"rw","status":"publish","type":"page","link":"https:\/\/www.feuerwehr-spelle.de\/cms\/technik\/fahrzeuge\/rw\/","title":{"rendered":"RW"},"content":{"rendered":"<h1><img loading=\"lazy\" decoding=\"async\" class=\"aligncenter size-full wp-image-534\" src=\"https:\/\/www.feuerwehr-spelle.de\/cms\/wp-content\/uploads\/2019\/08\/RW_HP.png\" alt=\"\" width=\"1142\" height=\"699\" srcset=\"https:\/\/www.feuerwehr-spelle.de\/cms\/wp-content\/uploads\/2019\/08\/RW_HP.png 1142w, https:\/\/www.feuerwehr-spelle.de\/cms\/wp-content\/uploads\/2019\/08\/RW_HP-300x184.png 300w, https:\/\/www.feuerwehr-spelle.de\/cms\/wp-content\/uploads\/2019\/08\/RW_HP-768x470.png 768w, https:\/\/www.feuerwehr-spelle.de\/cms\/wp-content\/uploads\/2019\/08\/RW_HP-1024x627.png 1024w\" sizes=\"auto, (max-width: 1142px) 100vw, 1142px\" \/><\/h1>\n<h1>R\u00fcstWagen (RW 1)<\/h1>\n<h4>Technische Details:<\/h4>\n<p><strong>Funkrufname: Spelle RW 1<\/strong><br \/>\n<strong>Fahrgestell: Mercedes Benz<\/strong><br \/>\n<strong>Leistung: 121 kW (165 PS)<br \/>\nSonstige Ausstattung: Seilwinde, fest verbauter Stromerzeuger<\/strong><br \/>\n<strong>Baujahr: 1994<\/strong><br \/>\n<strong>Besatzung: 1\/2 (Truppbesatzung)<\/strong><br \/>\n<strong>1 Fahrzeugf\u00fchrer<\/strong><br \/>\n<strong>2 Besatzungsmitglieder<\/strong><\/p>\n<h4>Aufgaben:<\/h4>\n<p>Der R\u00fcstwagen (RW) wird aufgrund seiner umfangreichen technischen Ausr\u00fcstung speziell f\u00fcr Hilfeleistungen eingesetzt. Unter technischer Hilfe versteht man beispielsweise Hilfeleistungen bei Verkehrsunf\u00e4llen, Sturmsch\u00e4den oder das Ausleuchten einer Einsatzstelle. Mitgef\u00fchrte Ger\u00e4tschaften sind z.B. eine Seilwinde, diverse hydraulische Zylinder, Stromerzeuger, Spezials\u00e4gen, Schneidbrenner etc.<\/p>\n","protected":false},"excerpt":{"rendered":"<p>R\u00fcstWagen (RW 1) Technische Details: Funkrufname: Spelle RW 1 Fahrgestell: Mercedes Benz Leistung: 121 kW (165 PS) Sonstige Ausstattung: Seilwinde, fest verbauter Stromerzeuger Baujahr:<\/p>\n","protected":false},"author":87,"featured_media":121,"parent":34,"menu_order":0,"comment_status":"closed","ping_status":"closed","template":"","meta":{"footnotes":""},"class_list":["post-41","page","type-page","status-publish","has-post-thumbnail","hentry"],"_links":{"self":[{"href":"https:\/\/www.feuerwehr-spelle.de\/cms\/wp-json\/wp\/v2\/pages\/41","targetHints":{"allow":["GET"]}}],"collection":[{"href":"https:\/\/www.feuerwehr-spelle.de\/cms\/wp-json\/wp\/v2\/pages"}],"about":[{"href":"https:\/\/www.feuerwehr-spelle.de\/cms\/wp-json\/wp\/v2\/types\/page"}],"author":[{"embeddable":true,"href":"https:\/\/www.feuerwehr-spelle.de\/cms\/wp-json\/wp\/v2\/users\/87"}],"replies":[{"embeddable":true,"href":"https:\/\/www.feuerwehr-spelle.de\/cms\/wp-json\/wp\/v2\/comments?post=41"}],"version-history":[{"count":3,"href":"https:\/\/www.feuerwehr-spelle.de\/cms\/wp-json\/wp\/v2\/pages\/41\/revisions"}],"predecessor-version":[{"id":539,"href":"https:\/\/www.feuerwehr-spelle.de\/cms\/wp-json\/wp\/v2\/pages\/41\/revisions\/539"}],"up":[{"embeddable":true,"href":"https:\/\/www.feuerwehr-spelle.de\/cms\/wp-json\/wp\/v2\/pages\/34"}],"wp:featuredmedia":[{"embeddable":true,"href":"https:\/\/www.feuerwehr-spelle.de\/cms\/wp-json\/wp\/v2\/media\/121"}],"wp:attachment":[{"href":"https:\/\/www.feuerwehr-spelle.de\/cms\/wp-json\/wp\/v2\/media?parent=41"}],"curies":[{"name":"wp","href":"https:\/\/api.w.org\/{rel}","templated":true}]}}