{"id":39,"date":"2018-07-05T20:09:10","date_gmt":"2018-07-05T18:09:10","guid":{"rendered":"http:\/\/www.feuerwehr-spelle.de\/cms\/?page_id=39"},"modified":"2019-08-28T13:05:36","modified_gmt":"2019-08-28T11:05:36","slug":"mtf","status":"publish","type":"page","link":"https:\/\/www.feuerwehr-spelle.de\/cms\/technik\/fahrzeuge\/mtf\/","title":{"rendered":"MTF"},"content":{"rendered":"<p><img loading=\"lazy\" decoding=\"async\" class=\"aligncenter size-full wp-image-533\" src=\"https:\/\/www.feuerwehr-spelle.de\/cms\/wp-content\/uploads\/2019\/08\/MTF.jpg\" alt=\"\" width=\"2000\" height=\"1124\" srcset=\"https:\/\/www.feuerwehr-spelle.de\/cms\/wp-content\/uploads\/2019\/08\/MTF.jpg 2000w, https:\/\/www.feuerwehr-spelle.de\/cms\/wp-content\/uploads\/2019\/08\/MTF-300x169.jpg 300w, https:\/\/www.feuerwehr-spelle.de\/cms\/wp-content\/uploads\/2019\/08\/MTF-768x432.jpg 768w, https:\/\/www.feuerwehr-spelle.de\/cms\/wp-content\/uploads\/2019\/08\/MTF-1024x575.jpg 1024w\" sizes=\"auto, (max-width: 2000px) 100vw, 2000px\" \/><\/p>\n<h1>MannschaftsTransportFahrzeug (MTF)<\/h1>\n<h4>Technische Details:<\/h4>\n<p><strong>Funkrufname: Spelle MTF<\/strong><br \/>\n<strong>Fahrgestell: VW T5<\/strong><br \/>\n<strong>Leistung: 77 kW (105 PS)<\/strong><br \/>\n<strong>Baujahr: 2006<\/strong><br \/>\n<strong>Besatzung: 1\/8<\/strong><br \/>\n<strong>1 Fahrzeugf\u00fchrer<\/strong><br \/>\n<strong>8 Besatzungsmitglieder<\/strong><\/p>\n<h4>Aufgaben:<\/h4>\n<p>Das Mannschaftstransportfahrzeug (MTF) dient haupts\u00e4chlich der Bef\u00f6rderung von Feuerwehrleuten und dem Transport von Kleinmaterial. Mit der montierten Anh\u00e4ngerkupplung lassen sich auch der Stromerzeuger und der Mehrzweckanh\u00e4nger bewegen. In Kombination mit dem Mehrzweckanh\u00e4nger ist das MTF ein sehr vielseitiges und flexibles Einsatzfahrzeug, welches oft bei kleineren Eins\u00e4tzen, wie beispielsweise einer \u00d6l-Spur, zum Einsatz kommt.<\/p>\n","protected":false},"excerpt":{"rendered":"<p>MannschaftsTransportFahrzeug (MTF) Technische Details: Funkrufname: Spelle MTF Fahrgestell: VW T5 Leistung: 77 kW (105 PS) Baujahr: 2006 Besatzung: 1\/8 1 Fahrzeugf\u00fchrer 8 Besatzungsmitglieder Aufgaben:<\/p>\n","protected":false},"author":87,"featured_media":0,"parent":34,"menu_order":0,"comment_status":"closed","ping_status":"closed","template":"","meta":{"footnotes":""},"class_list":["post-39","page","type-page","status-publish","hentry"],"_links":{"self":[{"href":"https:\/\/www.feuerwehr-spelle.de\/cms\/wp-json\/wp\/v2\/pages\/39","targetHints":{"allow":["GET"]}}],"collection":[{"href":"https:\/\/www.feuerwehr-spelle.de\/cms\/wp-json\/wp\/v2\/pages"}],"about":[{"href":"https:\/\/www.feuerwehr-spelle.de\/cms\/wp-json\/wp\/v2\/types\/page"}],"author":[{"embeddable":true,"href":"https:\/\/www.feuerwehr-spelle.de\/cms\/wp-json\/wp\/v2\/users\/87"}],"replies":[{"embeddable":true,"href":"https:\/\/www.feuerwehr-spelle.de\/cms\/wp-json\/wp\/v2\/comments?post=39"}],"version-history":[{"count":8,"href":"https:\/\/www.feuerwehr-spelle.de\/cms\/wp-json\/wp\/v2\/pages\/39\/revisions"}],"predecessor-version":[{"id":537,"href":"https:\/\/www.feuerwehr-spelle.de\/cms\/wp-json\/wp\/v2\/pages\/39\/revisions\/537"}],"up":[{"embeddable":true,"href":"https:\/\/www.feuerwehr-spelle.de\/cms\/wp-json\/wp\/v2\/pages\/34"}],"wp:attachment":[{"href":"https:\/\/www.feuerwehr-spelle.de\/cms\/wp-json\/wp\/v2\/media?parent=39"}],"curies":[{"name":"wp","href":"https:\/\/api.w.org\/{rel}","templated":true}]}}