{"id":30,"date":"2018-07-05T20:05:30","date_gmt":"2018-07-05T18:05:30","guid":{"rendered":"http:\/\/www.feuerwehr-spelle.de\/cms\/?page_id=30"},"modified":"2019-01-20T19:35:34","modified_gmt":"2019-01-20T18:35:34","slug":"ueber-uns","status":"publish","type":"page","link":"https:\/\/www.feuerwehr-spelle.de\/cms\/ueber-uns\/","title":{"rendered":"\u00dcber uns"},"content":{"rendered":"<p>Die Ortsfeuerwehr Spelle besteht aus verschiedenen Abteilungen, die sich mit unterschiedlichen Themenschwerpunkten besch\u00e4ftigen.<\/p>\n<p>Zu unserer Feuerwehr geh\u00f6ren:<\/p>\n<ul>\n<li>Einsatzabteilung<\/li>\n<li>Jugendfeuerwehr<\/li>\n<li>Alters- und Ehrenabteilung<\/li>\n<li>Feuerwehrmusikzug<\/li>\n<\/ul>\n<p>\u00dcber den \u00f6rtlichen Schutz der B\u00fcrger und der damit einhergehenden Ausbildung hinaus, sind zudem Feuerwehrkammeraden \u00fcber\u00f6rtlich in verschiedenen Gruppen des Kreises t\u00e4tig.<\/p>\n<ul>\n<li>Kreisausbilder<\/li>\n<li>Gefahrgutzug Emsland S\u00fcd<\/li>\n<li>Technische Einsatzleitung<\/li>\n<\/ul>\n<p>Detaillierte Informationen zu den einzelnen Abteilungen finden Sie in den jeweiligen Kategorien.<\/p>\n","protected":false},"excerpt":{"rendered":"<p>Die Ortsfeuerwehr Spelle besteht aus verschiedenen Abteilungen, die sich mit unterschiedlichen Themenschwerpunkten besch\u00e4ftigen. Zu unserer Feuerwehr geh\u00f6ren: Einsatzabteilung Jugendfeuerwehr Alters- und Ehrenabteilung Feuerwehrmusikzug \u00dcber<\/p>\n","protected":false},"author":87,"featured_media":115,"parent":0,"menu_order":0,"comment_status":"closed","ping_status":"closed","template":"","meta":{"footnotes":""},"class_list":["post-30","page","type-page","status-publish","has-post-thumbnail","hentry"],"_links":{"self":[{"href":"https:\/\/www.feuerwehr-spelle.de\/cms\/wp-json\/wp\/v2\/pages\/30","targetHints":{"allow":["GET"]}}],"collection":[{"href":"https:\/\/www.feuerwehr-spelle.de\/cms\/wp-json\/wp\/v2\/pages"}],"about":[{"href":"https:\/\/www.feuerwehr-spelle.de\/cms\/wp-json\/wp\/v2\/types\/page"}],"author":[{"embeddable":true,"href":"https:\/\/www.feuerwehr-spelle.de\/cms\/wp-json\/wp\/v2\/users\/87"}],"replies":[{"embeddable":true,"href":"https:\/\/www.feuerwehr-spelle.de\/cms\/wp-json\/wp\/v2\/comments?post=30"}],"version-history":[{"count":1,"href":"https:\/\/www.feuerwehr-spelle.de\/cms\/wp-json\/wp\/v2\/pages\/30\/revisions"}],"predecessor-version":[{"id":32,"href":"https:\/\/www.feuerwehr-spelle.de\/cms\/wp-json\/wp\/v2\/pages\/30\/revisions\/32"}],"wp:featuredmedia":[{"embeddable":true,"href":"https:\/\/www.feuerwehr-spelle.de\/cms\/wp-json\/wp\/v2\/media\/115"}],"wp:attachment":[{"href":"https:\/\/www.feuerwehr-spelle.de\/cms\/wp-json\/wp\/v2\/media?parent=30"}],"curies":[{"name":"wp","href":"https:\/\/api.w.org\/{rel}","templated":true}]}}