{"id":231,"date":"2019-04-15T20:39:09","date_gmt":"2019-04-15T18:39:09","guid":{"rendered":"http:\/\/www.feuerwehr-spelle.de\/cms\/?page_id=231"},"modified":"2019-09-27T15:24:07","modified_gmt":"2019-09-27T13:24:07","slug":"einsatzabteilung","status":"publish","type":"page","link":"https:\/\/www.feuerwehr-spelle.de\/cms\/abteilungen\/einsatzabteilung\/","title":{"rendered":"Einsatzabteilung"},"content":{"rendered":"<p>Der Einsatzabteilung der Freiwilligen Feuerwehr Spelle stehen insgesamt 65 Mitglieder zu Verf\u00fcgung.<br \/>\nDie Leitung der Einsatzabteilung obliegt dem Ortsbrandmeister mit der Unterst\u00fctzung des Kommandos.<br \/>\nDie Hauptaufgabe der Einsatzabteilung ist die Abarbeitung verschiedenster Aufgaben innerhalb der Gemeinde. Neben Brand- und Hilfeleistungseins\u00e4tzen kommen noch zus\u00e4tzliche Aufgaben, wie z.B. Brandschutzerziehung oder Verkehrssicherung, hinzu. Um die Vielzahl der Aufgaben ordnungsgem\u00e4\u00df bew\u00e4ltigen zu k\u00f6nnen, wird ein w\u00f6chentlicher \u00dcbungsdienst abgehalten. Auch die Pflege s\u00e4mtlicher Ger\u00e4tschaften, Fahrzeuge und Unterk\u00fcnfte f\u00e4llt in den Aufgabenbereich der Einsatzabteilung. Aus organisatorischen Gr\u00fcnden ist die Einsatzabteilung in Gruppen unterteilt.<br \/>\nDie Kameraden der Gruppen 1 und 2 sind mittlerweile alle in die Alters- und Ehrenabteilung gewechselt.<\/p>\n<p><img loading=\"lazy\" decoding=\"async\" class=\"alignnone wp-image-286\" src=\"https:\/\/www.feuerwehr-spelle.de\/cms\/wp-content\/uploads\/2019\/04\/Gruppenfoto-Einsatzabteilung-300x216.jpg\" alt=\"\" width=\"856\" height=\"616\" srcset=\"https:\/\/www.feuerwehr-spelle.de\/cms\/wp-content\/uploads\/2019\/04\/Gruppenfoto-Einsatzabteilung-300x216.jpg 300w, https:\/\/www.feuerwehr-spelle.de\/cms\/wp-content\/uploads\/2019\/04\/Gruppenfoto-Einsatzabteilung-768x553.jpg 768w, https:\/\/www.feuerwehr-spelle.de\/cms\/wp-content\/uploads\/2019\/04\/Gruppenfoto-Einsatzabteilung-1024x737.jpg 1024w\" sizes=\"auto, (max-width: 856px) 100vw, 856px\" \/><\/p>\n<p>1.Rheihe v.l.n.r.: Mathias Bembom, Udo Larbus, Karl-Heinz Roelfes, J\u00fcrgen Rekers, Steffen Senker, Klaus Wilmes, Benedikt Tegeder, Frank M\u00fcer, Florian H\u00fcsing, Christian Mertens, Gerhard Heumann, G\u00fcnter Brink, Frank Harmacher<\/p>\n<p>2.Rheihe v.l.n.r.: Stephan Stappers, Markus Roelfes, Michael Wilde, Henning Fleege, Herman Brinker, Tobias Bembom, Thomas Giese, Reinhold Kaiser, Hubert Thelink, Daniel Ro\u00df, Dennis Schmidt, Klaus Scheffer, Alois Wilmes<\/p>\n<p>3.Rheihe v.l.n.r.: Georg Sasse, Dominik\u00a0 Jungeh\u00fcser, Dennis Lampenschulte, Tobias Heilemann, Andreas Schwiss, Markus Kampmeyer, Sebastian Arning, Klaus S\u00e4ndker, Robin P\u00f6ppe, Andre Br\u00fcggemann, Michael J\u00f6rgens, Hartmut Hoppe, Mathias Wilmes<\/p>\n<p>4.Rheihe v.l.n.r.: Tobias Focks, Andre Rietmann, Jenspietsch, Maik Stappers, Krispin Roelfes, Gerd Wolters, Dieter M\u00fcer, Thomas Temmen, Henrik Reekers, Tobias Tenkleve, Michael Hoffrogge, Jens Hoffrogge, Andre Klasing<\/p>\n","protected":false},"excerpt":{"rendered":"<p>Der Einsatzabteilung der Freiwilligen Feuerwehr Spelle stehen insgesamt 65 Mitglieder zu Verf\u00fcgung. Die Leitung der Einsatzabteilung obliegt dem Ortsbrandmeister mit der Unterst\u00fctzung des Kommandos.<\/p>\n","protected":false},"author":87,"featured_media":115,"parent":224,"menu_order":0,"comment_status":"closed","ping_status":"closed","template":"","meta":{"footnotes":""},"class_list":["post-231","page","type-page","status-publish","has-post-thumbnail","hentry"],"_links":{"self":[{"href":"https:\/\/www.feuerwehr-spelle.de\/cms\/wp-json\/wp\/v2\/pages\/231","targetHints":{"allow":["GET"]}}],"collection":[{"href":"https:\/\/www.feuerwehr-spelle.de\/cms\/wp-json\/wp\/v2\/pages"}],"about":[{"href":"https:\/\/www.feuerwehr-spelle.de\/cms\/wp-json\/wp\/v2\/types\/page"}],"author":[{"embeddable":true,"href":"https:\/\/www.feuerwehr-spelle.de\/cms\/wp-json\/wp\/v2\/users\/87"}],"replies":[{"embeddable":true,"href":"https:\/\/www.feuerwehr-spelle.de\/cms\/wp-json\/wp\/v2\/comments?post=231"}],"version-history":[{"count":8,"href":"https:\/\/www.feuerwehr-spelle.de\/cms\/wp-json\/wp\/v2\/pages\/231\/revisions"}],"predecessor-version":[{"id":626,"href":"https:\/\/www.feuerwehr-spelle.de\/cms\/wp-json\/wp\/v2\/pages\/231\/revisions\/626"}],"up":[{"embeddable":true,"href":"https:\/\/www.feuerwehr-spelle.de\/cms\/wp-json\/wp\/v2\/pages\/224"}],"wp:featuredmedia":[{"embeddable":true,"href":"https:\/\/www.feuerwehr-spelle.de\/cms\/wp-json\/wp\/v2\/media\/115"}],"wp:attachment":[{"href":"https:\/\/www.feuerwehr-spelle.de\/cms\/wp-json\/wp\/v2\/media?parent=231"}],"curies":[{"name":"wp","href":"https:\/\/api.w.org\/{rel}","templated":true}]}}