{"id":201,"date":"2019-04-15T20:25:14","date_gmt":"2019-04-15T18:25:14","guid":{"rendered":"http:\/\/www.feuerwehr-spelle.de\/cms\/?page_id=201"},"modified":"2019-08-16T16:16:24","modified_gmt":"2019-08-16T14:16:24","slug":"freiwillige-berufs-und-pflichtfeuerwehr","status":"publish","type":"page","link":"https:\/\/www.feuerwehr-spelle.de\/cms\/wissenswertes\/freiwillige-berufs-und-pflichtfeuerwehr\/","title":{"rendered":"Freiwillige-\/Berufs- und Pflichtfeuerwehr"},"content":{"rendered":"<p>Haben Sie sich schon einmal Gedanken dar\u00fcber gemacht, was eigentlich passiert, wenn sich nur wenige oder sogar keiner f\u00fcr das Ehrenamt in der Freiwilligen Feuerwehr entscheidet? Was passiert, wenn es keine Freiwillige Feuerwehr gibt?<\/p>\n<p><img loading=\"lazy\" decoding=\"async\" class=\"aligncenter size-large wp-image-492\" src=\"https:\/\/www.feuerwehr-spelle.de\/cms\/wp-content\/uploads\/2019\/08\/FreiwilligPflicht-1024x273.png\" alt=\"\" width=\"715\" height=\"191\" srcset=\"https:\/\/www.feuerwehr-spelle.de\/cms\/wp-content\/uploads\/2019\/08\/FreiwilligPflicht-1024x273.png 1024w, https:\/\/www.feuerwehr-spelle.de\/cms\/wp-content\/uploads\/2019\/08\/FreiwilligPflicht-300x80.png 300w, https:\/\/www.feuerwehr-spelle.de\/cms\/wp-content\/uploads\/2019\/08\/FreiwilligPflicht-768x205.png 768w, https:\/\/www.feuerwehr-spelle.de\/cms\/wp-content\/uploads\/2019\/08\/FreiwilligPflicht.png 1061w\" sizes=\"auto, (max-width: 715px) 100vw, 715px\" \/><\/p>\n<p>Dass Br\u00e4nde rechtzeitig gel\u00f6scht und Unfallopfer schnell gerettet werden k\u00f6nnen, ist nicht die Aufgaben der Feuerwehr, sondern die Aufgabe der Kommunen und Landkreise sowie des Landes. Als Vertreter der Samtgemeinde ist demnach der Samtgemeindeb\u00fcrgermeister f\u00fcr den Brandschutz verantwortlich. Zur Erf\u00fcllung dieser Aufgabe hat der Samtgemeindeb\u00fcrgermeister den Verh\u00e4ltnissen entsprechend eine leistungsf\u00e4hige Feuerwehr aufzustellen, auszur\u00fcsten, zu unterhalten und einzusetzen. Dieses bedingt auch die Aus- und Fortbildung der Angeh\u00f6rigen der entsprechenden Feuerwehr. In fast allen Kommunen k\u00f6nnen die B\u00fcrgermeister den Brandschutz und die Hilfeleistung durch Freiwillige Feuerwehrleute sicherstellen. Diese Zeiten \u00e4ndern sich allerdings allm\u00e4hlich. Da sich mittlerweile immer weniger Menschen f\u00fcr ein Ehrenamt entscheiden, ist bereits heute in einigen Gemeinden ein ausreichender Brandschutz kaum mehr durch<br \/>\nfreiwillige Feuerwehrleute zu bew\u00e4ltigen. Gr\u00fcnde hierf\u00fcr sind auch, dass viele Angeh\u00f6rige der Feuerwehr au\u00dferhalb der Gemeinde berufst\u00e4tig sind und \u00fcber Tag der Feuerwehr nicht oder nur bedingt zur Verf\u00fcgung stehen. Kommt es soweit, dass der Brandschutz durch Freiwillige nicht mehr sichergestellt werden kann, so muss der B\u00fcrgermeister reagieren. Er kann sich nach dem Nieders\u00e4chsischen Brandschutzgesetz auf eine Pflichtfeuerwehr berufen. Das bedeutet, \u00e4hnlich wie beim Wehrdienst, dass Einwohnerinnen und Einwohner einer Gemeinde zum Feuerwehrdienst verpflichtet werden k\u00f6nnen. Wer herangezogen werden kann, dass regelt die Satzung der Samtgemeinde und das Nieders\u00e4chsische Brandschutzgesetz. Nach dem Nieders\u00e4chsischen Brandschutzgesetz k\u00f6nnen so alle Einwohnerinnen und Einwohner der Gemeinde, die gesundheitlich f\u00fcr den Einsatzdienst geeignet sind, die das 18. Lebensjahr, aber noch nicht das 55. Lebensjahr vollendet haben und deren Verpflichtung zum Dienst mit ihren beruflichen oder sonstigen Pflichten vereinbar sind, herangezogen werden. Einige Gemeinden m\u00fcssen bereits von dieser unangenehmen, aber notwendigen Berufung zur Pflichtfeuerwehr Gebrauch machen.<\/p>\n<p><img loading=\"lazy\" decoding=\"async\" class=\"aligncenter size-large wp-image-493\" src=\"https:\/\/www.feuerwehr-spelle.de\/cms\/wp-content\/uploads\/2019\/08\/WusstenSie-1024x541.png\" alt=\"\" width=\"715\" height=\"378\" srcset=\"https:\/\/www.feuerwehr-spelle.de\/cms\/wp-content\/uploads\/2019\/08\/WusstenSie-1024x541.png 1024w, https:\/\/www.feuerwehr-spelle.de\/cms\/wp-content\/uploads\/2019\/08\/WusstenSie-300x158.png 300w, https:\/\/www.feuerwehr-spelle.de\/cms\/wp-content\/uploads\/2019\/08\/WusstenSie-768x406.png 768w, https:\/\/www.feuerwehr-spelle.de\/cms\/wp-content\/uploads\/2019\/08\/WusstenSie.png 1043w\" sizes=\"auto, (max-width: 715px) 100vw, 715px\" \/><\/p>\n<p>Eine Statistik der Einsatzabteilung \u00fcber die letzten 25 Jahre in der Freiwilligen Feuerwehr Spelle zeigt, dass derzeit noch keine Personalschwierigkeiten eine Pflichtfeuerwehr bedingen. Damit dieser Trend beibehalten werden kann und eine Pflichtfeuerwehr nicht notwendig wird, sind der Samtgemeindeb\u00fcrgermeister und die Feuerwehr auf Ehrenamtliche angewiesen, die sich zum Freiwilligen Dienst in der Feuerwehr bereit erkl\u00e4ren.<\/p>\n","protected":false},"excerpt":{"rendered":"<p>Haben Sie sich schon einmal Gedanken dar\u00fcber gemacht, was eigentlich passiert, wenn sich nur wenige oder sogar keiner f\u00fcr das Ehrenamt in der Freiwilligen<\/p>\n","protected":false},"author":87,"featured_media":115,"parent":169,"menu_order":0,"comment_status":"closed","ping_status":"closed","template":"","meta":{"footnotes":""},"class_list":["post-201","page","type-page","status-publish","has-post-thumbnail","hentry"],"_links":{"self":[{"href":"https:\/\/www.feuerwehr-spelle.de\/cms\/wp-json\/wp\/v2\/pages\/201","targetHints":{"allow":["GET"]}}],"collection":[{"href":"https:\/\/www.feuerwehr-spelle.de\/cms\/wp-json\/wp\/v2\/pages"}],"about":[{"href":"https:\/\/www.feuerwehr-spelle.de\/cms\/wp-json\/wp\/v2\/types\/page"}],"author":[{"embeddable":true,"href":"https:\/\/www.feuerwehr-spelle.de\/cms\/wp-json\/wp\/v2\/users\/87"}],"replies":[{"embeddable":true,"href":"https:\/\/www.feuerwehr-spelle.de\/cms\/wp-json\/wp\/v2\/comments?post=201"}],"version-history":[{"count":3,"href":"https:\/\/www.feuerwehr-spelle.de\/cms\/wp-json\/wp\/v2\/pages\/201\/revisions"}],"predecessor-version":[{"id":494,"href":"https:\/\/www.feuerwehr-spelle.de\/cms\/wp-json\/wp\/v2\/pages\/201\/revisions\/494"}],"up":[{"embeddable":true,"href":"https:\/\/www.feuerwehr-spelle.de\/cms\/wp-json\/wp\/v2\/pages\/169"}],"wp:featuredmedia":[{"embeddable":true,"href":"https:\/\/www.feuerwehr-spelle.de\/cms\/wp-json\/wp\/v2\/media\/115"}],"wp:attachment":[{"href":"https:\/\/www.feuerwehr-spelle.de\/cms\/wp-json\/wp\/v2\/media?parent=201"}],"curies":[{"name":"wp","href":"https:\/\/api.w.org\/{rel}","templated":true}]}}