{"id":196,"date":"2019-04-15T20:23:53","date_gmt":"2019-04-15T18:23:53","guid":{"rendered":"http:\/\/www.feuerwehr-spelle.de\/cms\/?page_id=196"},"modified":"2026-02-03T20:07:54","modified_gmt":"2026-02-03T19:07:54","slug":"jugendfeuerwehr","status":"publish","type":"page","link":"https:\/\/www.feuerwehr-spelle.de\/cms\/abteilungen\/jugendfeuerwehr\/","title":{"rendered":"Jugendfeuerwehr"},"content":{"rendered":"<p><b><span data-contrast=\"auto\">Willkommen<\/span><\/b><span data-ccp-props=\"{&quot;335551550&quot;:6,&quot;335551620&quot;:6}\">\u00a0<\/span><\/p>\n<p><span data-contrast=\"auto\">Willkommen bei der\u202fJugendfeuerwehr Spelle! Wir bieten Kindern und Jugendlichen im Alter von\u202f12 bis 17 Jahren\u202feine spannende Mischung aus Feuerwehrtechnik, Teamarbeit und Freizeitspa\u00df. Am 01.09.2007 fiel der Startschuss zu einer neuen, nunmehr fast 20-j\u00e4hrigen \u00c4ra, innerhalb der Freiwilligen Feuerwehr Spelle.<\/span><\/p>\n<p><b><span data-contrast=\"auto\">Was machen wir eigentlich in der Jugendfeuerwehr?<\/span><\/b><span data-ccp-props=\"{&quot;335551550&quot;:6,&quot;335551620&quot;:6}\">\u00a0<\/span><\/p>\n<p><span data-contrast=\"auto\">Die\u202fJugendfeuerwehr\u00a0Spelle\u202fist die offizielle Nachwuchsabteilung der Freiwilligen Feuerwehr\u00a0Spelle. Sie bietet Kindern und Jugendlichen die M\u00f6glichkeit, fr\u00fchzeitig Teil der Feuerwehrgemeinschaft zu werden und sich aktiv einzubringen.<\/span><span data-ccp-props=\"{&quot;335551550&quot;:6,&quot;335551620&quot;:6}\">\u00a0<\/span><\/p>\n<p><span data-contrast=\"auto\">Bei unserer Jugendfeuerwehr steht die Kombination aus\u202ffeuerwehrtechnischer Ausbildung,\u202fGemeinschaft\u202fund\u202fFreizeit\u202fim Mittelpunkt. Die Ausbildung erfolgt altersgerecht und spielerisch, orientiert sich jedoch bereits an den Grundlagen des aktiven Feuerwehrdienstes.<\/span><span data-ccp-props=\"{&quot;335551550&quot;:6,&quot;335551620&quot;:6}\">\u00a0<\/span><\/p>\n<p><span data-contrast=\"auto\">Neben der Vermittlung von technischem Wissen legen wir gro\u00dfen Wert auf Werte wie Kameradschaft, Verantwortungsbewusstsein, Hilfsbereitschaft und Teamarbeit. Ziel ist es, die Jugendlichen sowohl auf den sp\u00e4teren \u00dcbertritt in die Einsatzabteilung als auch auf Herausforderungen im Alltag vorzubereiten.<\/span><span data-ccp-props=\"{&quot;335551550&quot;:6,&quot;335551620&quot;:6}\">\u00a0<\/span><\/p>\n<p><b><span data-contrast=\"auto\">Wer kann mitmachen?<\/span><\/b><span data-ccp-props=\"{&quot;335551550&quot;:6,&quot;335551620&quot;:6}\">\u00a0<\/span><\/p>\n<p><span data-contrast=\"auto\">Du interessierst dich f\u00fcr Feuerwehr, Technik und Teamarbeit? Dann bist du bei uns genau richtig! Die Jugendfeuerwehr\u00a0Spelle\u00a0richtet sich an alle Kinder und Jugendlichen im Alter von\u202f<\/span><b><span data-contrast=\"auto\">12 bis 17 Jahren<\/span><\/b><span data-contrast=\"auto\">.<\/span><span data-ccp-props=\"{&quot;335551550&quot;:6,&quot;335551620&quot;:6}\">\u00a0<\/span><\/p>\n<p><span data-contrast=\"auto\">Du kannst bei uns unverbindlich an mehreren \u00dcbungsdiensten teilnehmen, um herauszufinden, ob dir die Jugendfeuerwehr Spa\u00df macht. Eine Mitgliedschaft ist freiwillig und kostenfrei.\u00a0<\/span><span data-ccp-props=\"{&quot;335551550&quot;:6,&quot;335551620&quot;:6}\">\u00a0<\/span><\/p>\n<p><b><span data-contrast=\"auto\">Welche Aktivit\u00e4ten erwarten dich?<\/span><\/b><span data-ccp-props=\"{&quot;335551550&quot;:6,&quot;335551620&quot;:6}\">\u00a0<\/span><\/p>\n<p><span data-contrast=\"auto\">Regelm\u00e4\u00dfige \u00dcbungsabende, Besichtigungen von Firmen oder Berufsfeuerwehren, Ausfl\u00fcge, Wettbewerbe,\u00a0das gro\u00dfe Zeltlager\u00a0mit \u00fcber 400 Teilnehmern\u00a0und vieles mehr\u00a0geh\u00f6ren zum festen und abwechslungsreichen Programm.<\/span><span data-ccp-props=\"{&quot;335551550&quot;:6,&quot;335551620&quot;:6}\">\u00a0<\/span><\/p>\n<p><b><span data-contrast=\"auto\">Wo machen wir das?<\/span><\/b><span data-ccp-props=\"{&quot;335551550&quot;:6,&quot;335551620&quot;:6}\">\u00a0<\/span><\/p>\n<p><span data-contrast=\"auto\">Um ganz nah an der Einsatzabteilung zu sein, finden die\u00a0regelm\u00e4\u00dfigen Treffen am Feuerwehrger\u00e4tehaus an der Schapener Str. 17 statt.<\/span><span data-ccp-props=\"{&quot;335551550&quot;:6,&quot;335551620&quot;:6}\">\u00a0<\/span><\/p>\n<p><b>Unser Flyer<\/b><\/p>\n<p><a href=\"https:\/\/www.feuerwehr-spelle.de\/cms\/wp-content\/uploads\/2026\/01\/Jugendfeuerwehr-Spelle-Flyer.pdf\"><img loading=\"lazy\" decoding=\"async\" class=\"alignnone wp-image-2128 size-large\" src=\"https:\/\/www.feuerwehr-spelle.de\/cms\/wp-content\/uploads\/2026\/01\/Jugendfeuerwehr-Spelle-Flyer-907x1024.png\" alt=\"\" width=\"715\" height=\"807\" srcset=\"https:\/\/www.feuerwehr-spelle.de\/cms\/wp-content\/uploads\/2026\/01\/Jugendfeuerwehr-Spelle-Flyer-907x1024.png 907w, https:\/\/www.feuerwehr-spelle.de\/cms\/wp-content\/uploads\/2026\/01\/Jugendfeuerwehr-Spelle-Flyer-266x300.png 266w, https:\/\/www.feuerwehr-spelle.de\/cms\/wp-content\/uploads\/2026\/01\/Jugendfeuerwehr-Spelle-Flyer-768x867.png 768w, https:\/\/www.feuerwehr-spelle.de\/cms\/wp-content\/uploads\/2026\/01\/Jugendfeuerwehr-Spelle-Flyer.png 1057w\" sizes=\"auto, (max-width: 715px) 100vw, 715px\" \/><\/a><\/p>\n<p>&nbsp;<\/p>\n<p><img loading=\"lazy\" decoding=\"async\" class=\"alignnone wp-image-656 size-large\" src=\"https:\/\/www.feuerwehr-spelle.de\/cms\/wp-content\/uploads\/2021\/10\/IMG-20210927-WA0002-1024x768.jpg\" alt=\"\" width=\"715\" height=\"536\" srcset=\"https:\/\/www.feuerwehr-spelle.de\/cms\/wp-content\/uploads\/2021\/10\/IMG-20210927-WA0002-1024x768.jpg 1024w, https:\/\/www.feuerwehr-spelle.de\/cms\/wp-content\/uploads\/2021\/10\/IMG-20210927-WA0002-300x225.jpg 300w, https:\/\/www.feuerwehr-spelle.de\/cms\/wp-content\/uploads\/2021\/10\/IMG-20210927-WA0002-768x576.jpg 768w, https:\/\/www.feuerwehr-spelle.de\/cms\/wp-content\/uploads\/2021\/10\/IMG-20210927-WA0002-1536x1152.jpg 1536w, https:\/\/www.feuerwehr-spelle.de\/cms\/wp-content\/uploads\/2021\/10\/IMG-20210927-WA0002.jpg 1600w\" sizes=\"auto, (max-width: 715px) 100vw, 715px\" \/><\/p>\n<p>(Foto vom 27. September. 2021)<\/p>\n","protected":false},"excerpt":{"rendered":"<p>Willkommen\u00a0 Willkommen bei der\u202fJugendfeuerwehr Spelle! Wir bieten Kindern und Jugendlichen im Alter von\u202f12 bis 17 Jahren\u202feine spannende Mischung aus Feuerwehrtechnik, Teamarbeit und Freizeitspa\u00df. Am<\/p>\n","protected":false},"author":87,"featured_media":115,"parent":224,"menu_order":0,"comment_status":"closed","ping_status":"closed","template":"","meta":{"footnotes":""},"class_list":["post-196","page","type-page","status-publish","has-post-thumbnail","hentry"],"_links":{"self":[{"href":"https:\/\/www.feuerwehr-spelle.de\/cms\/wp-json\/wp\/v2\/pages\/196","targetHints":{"allow":["GET"]}}],"collection":[{"href":"https:\/\/www.feuerwehr-spelle.de\/cms\/wp-json\/wp\/v2\/pages"}],"about":[{"href":"https:\/\/www.feuerwehr-spelle.de\/cms\/wp-json\/wp\/v2\/types\/page"}],"author":[{"embeddable":true,"href":"https:\/\/www.feuerwehr-spelle.de\/cms\/wp-json\/wp\/v2\/users\/87"}],"replies":[{"embeddable":true,"href":"https:\/\/www.feuerwehr-spelle.de\/cms\/wp-json\/wp\/v2\/comments?post=196"}],"version-history":[{"count":12,"href":"https:\/\/www.feuerwehr-spelle.de\/cms\/wp-json\/wp\/v2\/pages\/196\/revisions"}],"predecessor-version":[{"id":2134,"href":"https:\/\/www.feuerwehr-spelle.de\/cms\/wp-json\/wp\/v2\/pages\/196\/revisions\/2134"}],"up":[{"embeddable":true,"href":"https:\/\/www.feuerwehr-spelle.de\/cms\/wp-json\/wp\/v2\/pages\/224"}],"wp:featuredmedia":[{"embeddable":true,"href":"https:\/\/www.feuerwehr-spelle.de\/cms\/wp-json\/wp\/v2\/media\/115"}],"wp:attachment":[{"href":"https:\/\/www.feuerwehr-spelle.de\/cms\/wp-json\/wp\/v2\/media?parent=196"}],"curies":[{"name":"wp","href":"https:\/\/api.w.org\/{rel}","templated":true}]}}