{"id":194,"date":"2019-04-15T20:23:22","date_gmt":"2019-04-15T18:23:22","guid":{"rendered":"http:\/\/www.feuerwehr-spelle.de\/cms\/?page_id=194"},"modified":"2025-04-11T10:30:09","modified_gmt":"2025-04-11T08:30:09","slug":"schutzausruestung","status":"publish","type":"page","link":"https:\/\/www.feuerwehr-spelle.de\/cms\/technik\/schutzausruestung\/","title":{"rendered":"Schutzausr\u00fcstung"},"content":{"rendered":"<p>Die pers\u00f6nliche Schutzausr\u00fcstung (PSA) ist abh\u00e4ngig von der Einsatzlage vor Ort. Der wohl wichtigste und meist genutzte Teil der Schutzausr\u00fcstung ist die brandhemmende Nomex-Einsatzkleidung. Diese h\u00e4lt direkter Flammeneinwirkung f\u00fcr eine kurze Zeit stand und sch\u00fctzt so den Feuerwehrmann vor ernsthaften Verletzungen. Im Innenangriff besteht die Schutzausr\u00fcstung aus bis zu 16 Einzelteilen. Den wesentlichen Teil der Schutzausr\u00fcstung, wie Stiefel, Hose, Jacke, Handschuhe und Helm, zieht sich der Feuerwehrmann bereits vor der Abfahrt im Feuerwehrhaus an.<\/p>\n<p><img loading=\"lazy\" decoding=\"async\" class=\"aligncenter wp-image-515 size-full\" src=\"https:\/\/www.feuerwehr-spelle.de\/cms\/wp-content\/uploads\/2019\/08\/PSA.png\" alt=\"\" width=\"324\" height=\"775\" srcset=\"https:\/\/www.feuerwehr-spelle.de\/cms\/wp-content\/uploads\/2019\/08\/PSA.png 324w, https:\/\/www.feuerwehr-spelle.de\/cms\/wp-content\/uploads\/2019\/08\/PSA-125x300.png 125w\" sizes=\"auto, (max-width: 324px) 100vw, 324px\" \/><\/p>\n<p>&nbsp;<\/p>\n<p>Werden bei einem Einsatz Atemschutzger\u00e4te ben\u00f6tigt, so kann der erste Trupp diese w\u00e4hrend der Fahrt zur Einsatzstelle anlegen.<\/p>\n<p><img loading=\"lazy\" decoding=\"async\" class=\"aligncenter size-full wp-image-516\" src=\"https:\/\/www.feuerwehr-spelle.de\/cms\/wp-content\/uploads\/2019\/08\/PSA_Fahrt.png\" alt=\"\" width=\"1165\" height=\"756\" srcset=\"https:\/\/www.feuerwehr-spelle.de\/cms\/wp-content\/uploads\/2019\/08\/PSA_Fahrt.png 1165w, https:\/\/www.feuerwehr-spelle.de\/cms\/wp-content\/uploads\/2019\/08\/PSA_Fahrt-300x195.png 300w, https:\/\/www.feuerwehr-spelle.de\/cms\/wp-content\/uploads\/2019\/08\/PSA_Fahrt-768x498.png 768w, https:\/\/www.feuerwehr-spelle.de\/cms\/wp-content\/uploads\/2019\/08\/PSA_Fahrt-1024x665.png 1024w\" sizes=\"auto, (max-width: 1165px) 100vw, 1165px\" \/><\/p>\n<p>&nbsp;<\/p>\n<p>Handelt es sich vor Ort um einen Gefahrguteinsatz, so kommt der Chemikalienschutzanzug (CSA) zum Einsatz. Dieser Anzug sch\u00fctzt den Feuerwehrmann vor Chemikalien, S\u00e4uren und giftigen D\u00e4mpfen, die die Haut angreifen k\u00f6nnten. Da der CSA den Tr\u00e4ger komplett von seiner Umwelt isoliert, muss der Feuerwehrmann ein Atemschutzger\u00e4t tragen. Um nach dem Einsatz eine Kontamination der Umgebung zu verhindern, muss jeder CSA dekontaminiert werden.<\/p>\n<p>Die Feuerwehr besitzt ebenfalls sogenannte Hitzeschutzanz\u00fcge, die den Feuerwehrmann vor extremer Strahlungshitze sch\u00fctzen.<\/p>\n<p><img loading=\"lazy\" decoding=\"async\" class=\"wp-image-755 aligncenter\" src=\"https:\/\/www.feuerwehr-spelle.de\/cms\/wp-content\/uploads\/2025\/04\/Screenshot-2025-04-10-094115.png\" alt=\"\" width=\"552\" height=\"367\" srcset=\"https:\/\/www.feuerwehr-spelle.de\/cms\/wp-content\/uploads\/2025\/04\/Screenshot-2025-04-10-094115.png 1894w, https:\/\/www.feuerwehr-spelle.de\/cms\/wp-content\/uploads\/2025\/04\/Screenshot-2025-04-10-094115-300x199.png 300w, https:\/\/www.feuerwehr-spelle.de\/cms\/wp-content\/uploads\/2025\/04\/Screenshot-2025-04-10-094115-1024x680.png 1024w, https:\/\/www.feuerwehr-spelle.de\/cms\/wp-content\/uploads\/2025\/04\/Screenshot-2025-04-10-094115-768x510.png 768w, https:\/\/www.feuerwehr-spelle.de\/cms\/wp-content\/uploads\/2025\/04\/Screenshot-2025-04-10-094115-1536x1020.png 1536w\" sizes=\"auto, (max-width: 552px) 100vw, 552px\" \/><\/p>\n<p>&nbsp;<\/p>\n<p>Bei normalen technischen Hilfeleistungen, wie zum Beispiel einem Verkehrsunfall oder einer \u00d6lspur, wird die normale PSA getragen.<br \/>\nDiese besteht aus den folgenden Teilen:<\/p>\n<p><img loading=\"lazy\" decoding=\"async\" class=\"wp-image-757 aligncenter\" src=\"https:\/\/www.feuerwehr-spelle.de\/cms\/wp-content\/uploads\/2025\/04\/Screenshot-2025-04-10-111405.png\" alt=\"\" width=\"515\" height=\"713\" srcset=\"https:\/\/www.feuerwehr-spelle.de\/cms\/wp-content\/uploads\/2025\/04\/Screenshot-2025-04-10-111405.png 731w, https:\/\/www.feuerwehr-spelle.de\/cms\/wp-content\/uploads\/2025\/04\/Screenshot-2025-04-10-111405-216x300.png 216w\" sizes=\"auto, (max-width: 515px) 100vw, 515px\" \/><\/p>\n<p>&nbsp;<\/p>\n<p>Wird die Feuerwehr zu einem Brandeinsatz gerufen, so wird die PSA durch das im Bild dar<\/p>\n<p>gestellte Equipment je nach Einsatzlage erweitert:<\/p>\n<p><img loading=\"lazy\" decoding=\"async\" class=\"wp-image-763 aligncenter\" src=\"https:\/\/www.feuerwehr-spelle.de\/cms\/wp-content\/uploads\/2025\/04\/Screenshot-2025-04-10-134203.png\" alt=\"\" width=\"434\" height=\"643\" srcset=\"https:\/\/www.feuerwehr-spelle.de\/cms\/wp-content\/uploads\/2025\/04\/Screenshot-2025-04-10-134203.png 863w, https:\/\/www.feuerwehr-spelle.de\/cms\/wp-content\/uploads\/2025\/04\/Screenshot-2025-04-10-134203-203x300.png 203w, https:\/\/www.feuerwehr-spelle.de\/cms\/wp-content\/uploads\/2025\/04\/Screenshot-2025-04-10-134203-691x1024.png 691w, https:\/\/www.feuerwehr-spelle.de\/cms\/wp-content\/uploads\/2025\/04\/Screenshot-2025-04-10-134203-768x1137.png 768w\" sizes=\"auto, (max-width: 434px) 100vw, 434px\" \/><\/p>\n","protected":false},"excerpt":{"rendered":"<p>Die pers\u00f6nliche Schutzausr\u00fcstung (PSA) ist abh\u00e4ngig von der Einsatzlage vor Ort. Der wohl wichtigste und meist genutzte Teil der Schutzausr\u00fcstung ist die brandhemmende Nomex-Einsatzkleidung.<\/p>\n","protected":false},"author":87,"featured_media":115,"parent":189,"menu_order":0,"comment_status":"closed","ping_status":"closed","template":"","meta":{"footnotes":""},"class_list":["post-194","page","type-page","status-publish","has-post-thumbnail","hentry"],"_links":{"self":[{"href":"https:\/\/www.feuerwehr-spelle.de\/cms\/wp-json\/wp\/v2\/pages\/194","targetHints":{"allow":["GET"]}}],"collection":[{"href":"https:\/\/www.feuerwehr-spelle.de\/cms\/wp-json\/wp\/v2\/pages"}],"about":[{"href":"https:\/\/www.feuerwehr-spelle.de\/cms\/wp-json\/wp\/v2\/types\/page"}],"author":[{"embeddable":true,"href":"https:\/\/www.feuerwehr-spelle.de\/cms\/wp-json\/wp\/v2\/users\/87"}],"replies":[{"embeddable":true,"href":"https:\/\/www.feuerwehr-spelle.de\/cms\/wp-json\/wp\/v2\/comments?post=194"}],"version-history":[{"count":13,"href":"https:\/\/www.feuerwehr-spelle.de\/cms\/wp-json\/wp\/v2\/pages\/194\/revisions"}],"predecessor-version":[{"id":764,"href":"https:\/\/www.feuerwehr-spelle.de\/cms\/wp-json\/wp\/v2\/pages\/194\/revisions\/764"}],"up":[{"embeddable":true,"href":"https:\/\/www.feuerwehr-spelle.de\/cms\/wp-json\/wp\/v2\/pages\/189"}],"wp:featuredmedia":[{"embeddable":true,"href":"https:\/\/www.feuerwehr-spelle.de\/cms\/wp-json\/wp\/v2\/media\/115"}],"wp:attachment":[{"href":"https:\/\/www.feuerwehr-spelle.de\/cms\/wp-json\/wp\/v2\/media?parent=194"}],"curies":[{"name":"wp","href":"https:\/\/api.w.org\/{rel}","templated":true}]}}