{"id":192,"date":"2019-04-15T20:22:47","date_gmt":"2019-04-15T18:22:47","guid":{"rendered":"http:\/\/www.feuerwehr-spelle.de\/cms\/?page_id=192"},"modified":"2025-04-10T09:20:05","modified_gmt":"2025-04-10T07:20:05","slug":"feuerwehrhaus","status":"publish","type":"page","link":"https:\/\/www.feuerwehr-spelle.de\/cms\/technik\/feuerwehrhaus\/","title":{"rendered":"Feuerwehrhaus"},"content":{"rendered":"<p><img loading=\"lazy\" decoding=\"async\" class=\"wp-image-749 alignright\" src=\"https:\/\/www.feuerwehr-spelle.de\/cms\/wp-content\/uploads\/2025\/04\/20250410_090817-300x143.jpg\" alt=\"\" width=\"451\" height=\"215\" srcset=\"https:\/\/www.feuerwehr-spelle.de\/cms\/wp-content\/uploads\/2025\/04\/20250410_090817-300x143.jpg 300w, https:\/\/www.feuerwehr-spelle.de\/cms\/wp-content\/uploads\/2025\/04\/20250410_090817-1024x489.jpg 1024w, https:\/\/www.feuerwehr-spelle.de\/cms\/wp-content\/uploads\/2025\/04\/20250410_090817-768x367.jpg 768w, https:\/\/www.feuerwehr-spelle.de\/cms\/wp-content\/uploads\/2025\/04\/20250410_090817-1536x734.jpg 1536w, https:\/\/www.feuerwehr-spelle.de\/cms\/wp-content\/uploads\/2025\/04\/20250410_090817-2048x978.jpg 2048w\" sizes=\"auto, (max-width: 451px) 100vw, 451px\" \/><\/p>\n<p>Im Jahre 2004 entschied sich der Rat der Samtgemeinde Spelle einstimmig f\u00fcr die Finanzierung eines neuen Feuerwehrhauses an der Schapener Stra\u00dfe. Hierdurch sollte das bisherige Feuerwehrhaus am W\u00f6hlehof, welches 25 Jahre lang die Heimat der Speller Feuerwehr darstellte, abgel\u00f6st werden. Vor allem hinsichtlich der nicht mehr einzuhaltenden Sicherheitsnormen und Richtlinien war es unabdingbar, neue R\u00e4umlichkeiten zu schaffen. Auch zuk\u00fcnftige Neuanschaffungen und die Gr\u00fcndung einer Jugendfeuerwehr machten diesen Schritt notwendig. Entstanden ist ein modernes, durchdachtes und zweckm\u00e4\u00dfiges Feuerwehrhaus, nach dem Entwurf des Architekten Georg Kimmer. Im Jahre 2005 wurde der Grundstein f\u00fcr den neuen Standort gelegt. Mit einer Investitionssumme von circa 1,3 Millionen Euro und rund 2.000 Stunden Eigenleistung, die mit 100.000 Euro zu veranschlagen sind, konnte das neue Feuerwehrhaus am 12.05.2006 eingeweiht werden.<\/p>\n<p><img loading=\"lazy\" decoding=\"async\" class=\"size-large wp-image-487 aligncenter\" src=\"https:\/\/www.feuerwehr-spelle.de\/cms\/wp-content\/uploads\/2019\/08\/Oben_V2-1024x275.jpg\" alt=\"\" width=\"715\" height=\"192\" srcset=\"https:\/\/www.feuerwehr-spelle.de\/cms\/wp-content\/uploads\/2019\/08\/Oben_V2-1024x275.jpg 1024w, https:\/\/www.feuerwehr-spelle.de\/cms\/wp-content\/uploads\/2019\/08\/Oben_V2-300x80.jpg 300w, https:\/\/www.feuerwehr-spelle.de\/cms\/wp-content\/uploads\/2019\/08\/Oben_V2-768x206.jpg 768w\" sizes=\"auto, (max-width: 715px) 100vw, 715px\" \/><\/p>\n<p>Beim Kommersabend zur Einweihung waren sich die G\u00e4ste einig, dass das neue Feuerwehrhaus ein \u201eSchmuckst\u00fcck\u201c ist und dass es im alten Feuerwehrhaus platzm\u00e4\u00dfig \u201ef\u00fcnf vor zw\u00f6lf\u201c geschlagen hatte.<\/p>\n<p><img loading=\"lazy\" decoding=\"async\" class=\"wp-image-745 size-medium alignleft\" src=\"https:\/\/www.feuerwehr-spelle.de\/cms\/wp-content\/uploads\/2025\/04\/20250405_145614-300x225.jpg\" alt=\"\" width=\"300\" height=\"225\" srcset=\"https:\/\/www.feuerwehr-spelle.de\/cms\/wp-content\/uploads\/2025\/04\/20250405_145614-300x225.jpg 300w, https:\/\/www.feuerwehr-spelle.de\/cms\/wp-content\/uploads\/2025\/04\/20250405_145614-1024x768.jpg 1024w, https:\/\/www.feuerwehr-spelle.de\/cms\/wp-content\/uploads\/2025\/04\/20250405_145614-768x576.jpg 768w, https:\/\/www.feuerwehr-spelle.de\/cms\/wp-content\/uploads\/2025\/04\/20250405_145614-1536x1152.jpg 1536w, https:\/\/www.feuerwehr-spelle.de\/cms\/wp-content\/uploads\/2025\/04\/20250405_145614-2048x1536.jpg 2048w\" sizes=\"auto, (max-width: 300px) 100vw, 300px\" \/><\/p>\n<p>Das neue eingeschossige Feuerwehrhaus bietet auf ca. 5000 Quadratmetern f\u00fcnf Stellpl\u00e4tze f\u00fcr die Fahrzeugemit moderner Absaugeinrichtung f\u00fcr Abgase, eine Werkstatt sowie eine R\u00e4umlichkeit zur Wartung der Atemschutzger\u00e4te. Des Weiteren sind R\u00e4umlichkeiten f\u00fcr die Jugendfeuerwehr, ein gro\u00dfz\u00fcgiger Schulungsraum, ein B\u00fcro und eine gro\u00dfe K\u00fcche vorhanden. Ein Platz f\u00fcr gem\u00fctliches Beisammensein nach \u00dcbungen oder anderen Anl\u00e4ssen ist in der \u201eFlorians Klause\u201c zu finden. Im Umkleidegang ist eine Fu\u00dfbodenheizung und eine Abluftanlage verbaut, welche die Einsatzkleidung nach einem Einsatz oder einer \u00dcbung optimal trocknet.<\/p>\n<p>&nbsp;<\/p>\n<p>Das Highlight im Umkleidegang sind die eigens entworfenen Spindk\u00f6pfe, welche flexibel aufgeh\u00e4ngt werden k\u00f6nnen. An den Umkleidegang sind die Sanit\u00e4rr\u00e4ume angegliedert, in denen sich Duschm\u00f6glichkeiten f\u00fcr die Kameraden befinden. Die nahegelegene Umgehungsstra\u00dfe bietet eine optimale verkehrstechnische Anbindung. Zudem sind ausreichend Parkm\u00f6glichkeiten und \u00dcbungsfl\u00e4chen vorhanden.<\/p>\n<p><img loading=\"lazy\" decoding=\"async\" class=\"size-large wp-image-489 aligncenter\" src=\"https:\/\/www.feuerwehr-spelle.de\/cms\/wp-content\/uploads\/2019\/08\/IMG_0966-1024x301.jpg\" alt=\"\" width=\"715\" height=\"210\" srcset=\"https:\/\/www.feuerwehr-spelle.de\/cms\/wp-content\/uploads\/2019\/08\/IMG_0966-1024x301.jpg 1024w, https:\/\/www.feuerwehr-spelle.de\/cms\/wp-content\/uploads\/2019\/08\/IMG_0966-300x88.jpg 300w, https:\/\/www.feuerwehr-spelle.de\/cms\/wp-content\/uploads\/2019\/08\/IMG_0966-768x226.jpg 768w\" sizes=\"auto, (max-width: 715px) 100vw, 715px\" \/><\/p>\n","protected":false},"excerpt":{"rendered":"<p>Im Jahre 2004 entschied sich der Rat der Samtgemeinde Spelle einstimmig f\u00fcr die Finanzierung eines neuen Feuerwehrhauses an der Schapener Stra\u00dfe. Hierdurch sollte das<\/p>\n","protected":false},"author":87,"featured_media":115,"parent":189,"menu_order":0,"comment_status":"closed","ping_status":"closed","template":"","meta":{"footnotes":""},"class_list":["post-192","page","type-page","status-publish","has-post-thumbnail","hentry"],"_links":{"self":[{"href":"https:\/\/www.feuerwehr-spelle.de\/cms\/wp-json\/wp\/v2\/pages\/192","targetHints":{"allow":["GET"]}}],"collection":[{"href":"https:\/\/www.feuerwehr-spelle.de\/cms\/wp-json\/wp\/v2\/pages"}],"about":[{"href":"https:\/\/www.feuerwehr-spelle.de\/cms\/wp-json\/wp\/v2\/types\/page"}],"author":[{"embeddable":true,"href":"https:\/\/www.feuerwehr-spelle.de\/cms\/wp-json\/wp\/v2\/users\/87"}],"replies":[{"embeddable":true,"href":"https:\/\/www.feuerwehr-spelle.de\/cms\/wp-json\/wp\/v2\/comments?post=192"}],"version-history":[{"count":13,"href":"https:\/\/www.feuerwehr-spelle.de\/cms\/wp-json\/wp\/v2\/pages\/192\/revisions"}],"predecessor-version":[{"id":753,"href":"https:\/\/www.feuerwehr-spelle.de\/cms\/wp-json\/wp\/v2\/pages\/192\/revisions\/753"}],"up":[{"embeddable":true,"href":"https:\/\/www.feuerwehr-spelle.de\/cms\/wp-json\/wp\/v2\/pages\/189"}],"wp:featuredmedia":[{"embeddable":true,"href":"https:\/\/www.feuerwehr-spelle.de\/cms\/wp-json\/wp\/v2\/media\/115"}],"wp:attachment":[{"href":"https:\/\/www.feuerwehr-spelle.de\/cms\/wp-json\/wp\/v2\/media?parent=192"}],"curies":[{"name":"wp","href":"https:\/\/api.w.org\/{rel}","templated":true}]}}