{"id":183,"date":"2019-04-15T20:20:55","date_gmt":"2019-04-15T18:20:55","guid":{"rendered":"http:\/\/www.feuerwehr-spelle.de\/cms\/?page_id=183"},"modified":"2025-04-01T09:17:26","modified_gmt":"2025-04-01T07:17:26","slug":"tel","status":"publish","type":"page","link":"https:\/\/www.feuerwehr-spelle.de\/cms\/ueber-uns\/ueberoertliche-taetigkeiten\/tel\/","title":{"rendered":"TEL"},"content":{"rendered":"<p>Die Technische Einsatzleitung (TEL) ist eine Institution des Landkreises Emsland und dient prim\u00e4r der Gefahrenabwehr bei Gro\u00dfschadenslagen. Sie unterst\u00fctzt die \u00f6rtliche Einsatzleitung durch eine F\u00fchrungsgruppe mit den folgenden\u00a0 Schwerpunkten: Kommunikation, Lagedarstellung, Einsatzstellendokumentation sowie die \u00dcbernahme von Aufgaben im\u00a0 Bereich Logistik. Die TEL besteht im Wesentlichen aus F\u00fchrungsassistenten, die im F\u00fchrungsstab die Funktionen S1 &#8211; S6 besetzen (nach FwDV 100). Das \u201eS\u201c steht in diesem Fall f\u00fcr verschiedene Sachgebiete, die die jeweilige Person bearbeiten muss. Des Weiteren gibt es F\u00fchrungsgehilfen, die die Einsatzleitung bei der Kommunikation unterst\u00fctzen (Funk, Telefon, Fax, etc.)<img loading=\"lazy\" decoding=\"async\" class=\"alignnone wp-image-673 \" src=\"https:\/\/www.feuerwehr-spelle.de\/cms\/wp-content\/uploads\/2025\/04\/Screenshot-2025-04-01-091558-300x170.png\" alt=\"\" width=\"572\" height=\"324\" srcset=\"https:\/\/www.feuerwehr-spelle.de\/cms\/wp-content\/uploads\/2025\/04\/Screenshot-2025-04-01-091558-300x170.png 300w, https:\/\/www.feuerwehr-spelle.de\/cms\/wp-content\/uploads\/2025\/04\/Screenshot-2025-04-01-091558-1024x581.png 1024w, https:\/\/www.feuerwehr-spelle.de\/cms\/wp-content\/uploads\/2025\/04\/Screenshot-2025-04-01-091558-768x435.png 768w, https:\/\/www.feuerwehr-spelle.de\/cms\/wp-content\/uploads\/2025\/04\/Screenshot-2025-04-01-091558.png 1143w\" sizes=\"auto, (max-width: 572px) 100vw, 572px\" \/><\/p>\n<p>Da der Landkreis Emsland ein Fl\u00e4chenlandkreis ist, unterteilt sich die TEL in drei Einsatzgruppen (Nord, Mitte, S\u00fcd). Dieses bietet nicht nur die M\u00f6glichkeit, dass die Funktionstr\u00e4ger relativ zeitnah an der Einsatzstelle eintreffen, sondern erm\u00f6glicht bei l\u00e4nger andauernden Einsatzlagen auch ein durchg\u00e4ngiges Arbeiten der TEL durch Abl\u00f6sen der verschiedenen Gruppen untereinander.<\/p>\n<p>Als technisches Hilfsmittel steht den TEL-Gruppen ein Einsatzleitwagen (ELW II) zur Verf\u00fcgung. Dieser ist auf einem Mercedes Atego-Fahrgestell aus dem Baujahr 2004 aufgebaut. Im vorderen Fahrzeugbereich befinden sich drei Funkpl\u00e4tze mit Kommunikationsmitteln.<br \/>\nIn einem vom Funkraum abgetrennten Bereich befindet sich ein Stabsraum mit Platz f\u00fcr die Stabsfunktionen. Durch den Einsatz moderner Medientechnik, wie beispielsweise Kameras, Beamer und Smartboard, wird der \u00f6rtliche Einsatzleiter ideal unterst\u00fctzt.<\/p>\n","protected":false},"excerpt":{"rendered":"<p>Die Technische Einsatzleitung (TEL) ist eine Institution des Landkreises Emsland und dient prim\u00e4r der Gefahrenabwehr bei Gro\u00dfschadenslagen. Sie unterst\u00fctzt die \u00f6rtliche Einsatzleitung durch eine<\/p>\n","protected":false},"author":87,"featured_media":115,"parent":180,"menu_order":0,"comment_status":"closed","ping_status":"closed","template":"","meta":{"footnotes":""},"class_list":["post-183","page","type-page","status-publish","has-post-thumbnail","hentry"],"_links":{"self":[{"href":"https:\/\/www.feuerwehr-spelle.de\/cms\/wp-json\/wp\/v2\/pages\/183","targetHints":{"allow":["GET"]}}],"collection":[{"href":"https:\/\/www.feuerwehr-spelle.de\/cms\/wp-json\/wp\/v2\/pages"}],"about":[{"href":"https:\/\/www.feuerwehr-spelle.de\/cms\/wp-json\/wp\/v2\/types\/page"}],"author":[{"embeddable":true,"href":"https:\/\/www.feuerwehr-spelle.de\/cms\/wp-json\/wp\/v2\/users\/87"}],"replies":[{"embeddable":true,"href":"https:\/\/www.feuerwehr-spelle.de\/cms\/wp-json\/wp\/v2\/comments?post=183"}],"version-history":[{"count":13,"href":"https:\/\/www.feuerwehr-spelle.de\/cms\/wp-json\/wp\/v2\/pages\/183\/revisions"}],"predecessor-version":[{"id":675,"href":"https:\/\/www.feuerwehr-spelle.de\/cms\/wp-json\/wp\/v2\/pages\/183\/revisions\/675"}],"up":[{"embeddable":true,"href":"https:\/\/www.feuerwehr-spelle.de\/cms\/wp-json\/wp\/v2\/pages\/180"}],"wp:featuredmedia":[{"embeddable":true,"href":"https:\/\/www.feuerwehr-spelle.de\/cms\/wp-json\/wp\/v2\/media\/115"}],"wp:attachment":[{"href":"https:\/\/www.feuerwehr-spelle.de\/cms\/wp-json\/wp\/v2\/media?parent=183"}],"curies":[{"name":"wp","href":"https:\/\/api.w.org\/{rel}","templated":true}]}}