{"id":180,"date":"2019-04-15T20:20:36","date_gmt":"2019-04-15T18:20:36","guid":{"rendered":"http:\/\/www.feuerwehr-spelle.de\/cms\/?page_id=180"},"modified":"2019-10-14T12:17:01","modified_gmt":"2019-10-14T10:17:01","slug":"ueberoertliche-taetigkeiten","status":"publish","type":"page","link":"https:\/\/www.feuerwehr-spelle.de\/cms\/ueber-uns\/ueberoertliche-taetigkeiten\/","title":{"rendered":"\u00dcber\u00f6rtliche T\u00e4tigkeiten"},"content":{"rendered":"<ul class=\"su-subpages\"><li class=\"page_item page-item-187\"><a href=\"https:\/\/www.feuerwehr-spelle.de\/cms\/ueber-uns\/ueberoertliche-taetigkeiten\/gefahrgutzug-cbrn\/\">Gefahrgutzug \/ CBRN<\/a><\/li>\n<li class=\"page_item page-item-183\"><a href=\"https:\/\/www.feuerwehr-spelle.de\/cms\/ueber-uns\/ueberoertliche-taetigkeiten\/tel\/\">TEL<\/a><\/li>\n<\/ul>\n","protected":false},"excerpt":{"rendered":"","protected":false},"author":87,"featured_media":115,"parent":30,"menu_order":0,"comment_status":"closed","ping_status":"closed","template":"","meta":{"footnotes":""},"class_list":["post-180","page","type-page","status-publish","has-post-thumbnail","hentry"],"_links":{"self":[{"href":"https:\/\/www.feuerwehr-spelle.de\/cms\/wp-json\/wp\/v2\/pages\/180","targetHints":{"allow":["GET"]}}],"collection":[{"href":"https:\/\/www.feuerwehr-spelle.de\/cms\/wp-json\/wp\/v2\/pages"}],"about":[{"href":"https:\/\/www.feuerwehr-spelle.de\/cms\/wp-json\/wp\/v2\/types\/page"}],"author":[{"embeddable":true,"href":"https:\/\/www.feuerwehr-spelle.de\/cms\/wp-json\/wp\/v2\/users\/87"}],"replies":[{"embeddable":true,"href":"https:\/\/www.feuerwehr-spelle.de\/cms\/wp-json\/wp\/v2\/comments?post=180"}],"version-history":[{"count":2,"href":"https:\/\/www.feuerwehr-spelle.de\/cms\/wp-json\/wp\/v2\/pages\/180\/revisions"}],"predecessor-version":[{"id":641,"href":"https:\/\/www.feuerwehr-spelle.de\/cms\/wp-json\/wp\/v2\/pages\/180\/revisions\/641"}],"up":[{"embeddable":true,"href":"https:\/\/www.feuerwehr-spelle.de\/cms\/wp-json\/wp\/v2\/pages\/30"}],"wp:featuredmedia":[{"embeddable":true,"href":"https:\/\/www.feuerwehr-spelle.de\/cms\/wp-json\/wp\/v2\/media\/115"}],"wp:attachment":[{"href":"https:\/\/www.feuerwehr-spelle.de\/cms\/wp-json\/wp\/v2\/media?parent=180"}],"curies":[{"name":"wp","href":"https:\/\/api.w.org\/{rel}","templated":true}]}}